{"id":188,"date":"2015-04-30T19:31:15","date_gmt":"2015-04-30T17:31:15","guid":{"rendered":"http:\/\/sykkelturen.com\/?page_id=188"},"modified":"2015-05-21T22:19:45","modified_gmt":"2015-05-21T20:19:45","slug":"syklistene","status":"publish","type":"page","link":"https:\/\/sykkelturen.com\/?page_id=188","title":{"rendered":"Syklistene"},"content":{"rendered":"<p>&nbsp;<\/p>\n<p><img decoding=\"async\" loading=\"lazy\" class=\" wp-image-388 size-medium aligncenter\" src=\"https:\/\/sykkelturen.com\/wp-content\/uploads\/2015\/04\/kjell-300x300.jpg\" alt=\"kjell\" width=\"300\" height=\"300\" srcset=\"https:\/\/sykkelturen.com\/wp-content\/uploads\/2015\/04\/kjell-300x300.jpg 300w, https:\/\/sykkelturen.com\/wp-content\/uploads\/2015\/04\/kjell-150x150.jpg 150w, https:\/\/sykkelturen.com\/wp-content\/uploads\/2015\/04\/kjell.jpg 600w, https:\/\/sykkelturen.com\/wp-content\/uploads\/2015\/04\/kjell-88x88.jpg 88w, https:\/\/sykkelturen.com\/wp-content\/uploads\/2015\/04\/kjell-508x508.jpg 508w\" sizes=\"(max-width: 300px) 100vw, 300px\" \/><\/p>\n<p style=\"text-align: center;\"><strong>Kjell Omland<\/strong><\/p>\n<ul>\n<li style=\"text-align: left;\">63 \u00e5r, Kristiansand<\/li>\n<li style=\"text-align: left;\">Sparebanken S\u00f8r<\/li>\n<li style=\"text-align: left;\">Sesil\u00e5mi, Marcialonga,Vasaloppet, Hovden Tour p\u00e5 sykkel og ski, sv\u00f8mmig<\/li>\n<li style=\"text-align: left;\">Sykkel: Merida hybrid 28&#8243;<\/li>\n<li style=\"text-align: left;\">Hvorfor: Utfordre seg selv. Lange turer er best<\/li>\n<\/ul>\n<p>&nbsp;<\/p>\n<p><img decoding=\"async\" loading=\"lazy\" class=\"alignnone size-medium wp-image-389 aligncenter\" src=\"https:\/\/sykkelturen.com\/wp-content\/uploads\/2015\/04\/stein-300x300.jpg\" alt=\"stein\" width=\"300\" height=\"300\" srcset=\"https:\/\/sykkelturen.com\/wp-content\/uploads\/2015\/04\/stein-300x300.jpg 300w, https:\/\/sykkelturen.com\/wp-content\/uploads\/2015\/04\/stein-150x150.jpg 150w, https:\/\/sykkelturen.com\/wp-content\/uploads\/2015\/04\/stein.jpg 600w, https:\/\/sykkelturen.com\/wp-content\/uploads\/2015\/04\/stein-88x88.jpg 88w, https:\/\/sykkelturen.com\/wp-content\/uploads\/2015\/04\/stein-508x508.jpg 508w\" sizes=\"(max-width: 300px) 100vw, 300px\" \/><\/p>\n<p style=\"text-align: center;\"><strong>Stein Hannevik<\/strong><\/p>\n<ul>\n<li>61 \u00e5r, Kristiansand<\/li>\n<li>Sparebanken S\u00f8r, arbeidende styreleder<\/li>\n<li>Entusiastisk amat\u00f8r p\u00e5 ski,l\u00f8ping, sykkel. Marcialonga, New York Maraton, Hovden Tour p\u00e5 sykkel<\/li>\n<li>Sykkel: Hard Rocx hybrid 28&#8243;<\/li>\n<li>Hvorfor: \u00a0Aldri for sent- grip sjansen<\/li>\n<\/ul>\n<p>&nbsp;<\/p>\n<p><img decoding=\"async\" loading=\"lazy\" class=\"alignnone size-medium wp-image-390 aligncenter\" src=\"https:\/\/sykkelturen.com\/wp-content\/uploads\/2015\/04\/lars_erik-300x300.jpg\" alt=\"lars_erik\" width=\"300\" height=\"300\" srcset=\"https:\/\/sykkelturen.com\/wp-content\/uploads\/2015\/04\/lars_erik-300x300.jpg 300w, https:\/\/sykkelturen.com\/wp-content\/uploads\/2015\/04\/lars_erik-150x150.jpg 150w, https:\/\/sykkelturen.com\/wp-content\/uploads\/2015\/04\/lars_erik.jpg 600w, https:\/\/sykkelturen.com\/wp-content\/uploads\/2015\/04\/lars_erik-88x88.jpg 88w, https:\/\/sykkelturen.com\/wp-content\/uploads\/2015\/04\/lars_erik-508x508.jpg 508w\" sizes=\"(max-width: 300px) 100vw, 300px\" \/><\/p>\n<p style=\"text-align: center;\"><strong>Lars Erik Lyngdal<\/strong><\/p>\n<ul>\n<li>69 \u00e5r, Kristiansand<\/li>\n<li>Pensjonist, tidligere ass. fylkesmann<\/li>\n<li>Gjengens ivrigste syklist. Syklet Europa \u00a0p\u00e5 kryss og tvers. Hovden Tour, Sykkel-Birken<\/li>\n<li>Sykkel: Bros Adventure, Terreng 29&#8243; med tynne landeveisdekk og BOB Yak etthjulstilhenger<\/li>\n<li>Hvorfor: Lengsel etter ny langtur mot sol og varme<\/li>\n<li>Klubb: Oddersjaa<\/li>\n<\/ul>\n<p><strong><br \/>\n<\/strong><\/p>\n<p><img decoding=\"async\" loading=\"lazy\" class=\"alignnone size-medium wp-image-391 aligncenter\" src=\"https:\/\/sykkelturen.com\/wp-content\/uploads\/2015\/04\/kaare-300x300.jpg\" alt=\"kaare\" width=\"300\" height=\"300\" srcset=\"https:\/\/sykkelturen.com\/wp-content\/uploads\/2015\/04\/kaare-300x300.jpg 300w, https:\/\/sykkelturen.com\/wp-content\/uploads\/2015\/04\/kaare-150x150.jpg 150w, https:\/\/sykkelturen.com\/wp-content\/uploads\/2015\/04\/kaare.jpg 600w, https:\/\/sykkelturen.com\/wp-content\/uploads\/2015\/04\/kaare-88x88.jpg 88w, https:\/\/sykkelturen.com\/wp-content\/uploads\/2015\/04\/kaare-508x508.jpg 508w\" sizes=\"(max-width: 300px) 100vw, 300px\" \/><\/p>\n<p style=\"text-align: center;\"><strong>K\u00e5re Edvard Danielsen<\/strong><\/p>\n<ul>\n<li>60 \u00e5r (junior), Kristiansand<\/li>\n<li>Barnelege, S\u00f8rlandet sykehus<\/li>\n<li>Orientering, landeveisl\u00f8p halv- helmaraton, langrenn. Siste \u00e5rene sykkel. \u00a0Ski\/sykkel-Birken, Marcialonga, Vasaloppet, Sesil\u00e5mi, mm<\/li>\n<li>Sykkel: Cube Cyclocross 28&#8243;<\/li>\n<li>Hvorfor: Inspirert av Rolf Unneland og gjengen fra S\u00f8gne som syklet til Tyrkia. M\u00e5tte bare gj\u00f8re noe liknende!<\/li>\n<li>Klubb:\u00a0Kristiansand sykkelklubb, Oddersjaa<\/li>\n<\/ul>\n<p><strong><br \/>\n<\/strong><\/p>\n<p><img decoding=\"async\" loading=\"lazy\" class=\"alignnone size-medium wp-image-392 aligncenter\" src=\"https:\/\/sykkelturen.com\/wp-content\/uploads\/2015\/04\/oddvar_omdal-300x300.jpg\" alt=\"oddvar_omdal\" width=\"300\" height=\"300\" srcset=\"https:\/\/sykkelturen.com\/wp-content\/uploads\/2015\/04\/oddvar_omdal-300x300.jpg 300w, https:\/\/sykkelturen.com\/wp-content\/uploads\/2015\/04\/oddvar_omdal-150x150.jpg 150w, https:\/\/sykkelturen.com\/wp-content\/uploads\/2015\/04\/oddvar_omdal.jpg 600w, https:\/\/sykkelturen.com\/wp-content\/uploads\/2015\/04\/oddvar_omdal-88x88.jpg 88w, https:\/\/sykkelturen.com\/wp-content\/uploads\/2015\/04\/oddvar_omdal-508x508.jpg 508w\" sizes=\"(max-width: 300px) 100vw, 300px\" \/><\/p>\n<p style=\"text-align: center;\"><strong>Oddvar Omdal<\/strong><\/p>\n<ul>\n<li>63 \u00e5r, Vennesla<\/li>\n<li>Kruse Smith, \u00f8konomidir.<\/li>\n<li>Sesil\u00e5mi ski x 14, tursyklist i Europa<\/li>\n<li>Sykkel: Merida Crossway XT-edition Gent 28&#8243;<\/li>\n<li>Hvorfor: Aldri for sent med nye fysiske utfordringer<\/li>\n<\/ul>\n<p style=\"text-align: center;\"><strong>\u00a0<\/strong><\/p>\n<p style=\"text-align: center;\"><img decoding=\"async\" loading=\"lazy\" class=\" size-medium wp-image-437 aligncenter\" src=\"https:\/\/sykkelturen.com\/wp-content\/uploads\/2015\/04\/tellef-300x300.jpg\" alt=\"tellef\" width=\"300\" height=\"300\" srcset=\"https:\/\/sykkelturen.com\/wp-content\/uploads\/2015\/04\/tellef-300x300.jpg 300w, https:\/\/sykkelturen.com\/wp-content\/uploads\/2015\/04\/tellef-150x150.jpg 150w, https:\/\/sykkelturen.com\/wp-content\/uploads\/2015\/04\/tellef.jpg 600w, https:\/\/sykkelturen.com\/wp-content\/uploads\/2015\/04\/tellef-88x88.jpg 88w, https:\/\/sykkelturen.com\/wp-content\/uploads\/2015\/04\/tellef-508x508.jpg 508w\" sizes=\"(max-width: 300px) 100vw, 300px\" \/><\/p>\n<p style=\"text-align: center;\"><strong>Tellef Myrvold<\/strong><\/p>\n<ul>\n<li>63 \u00e5r, Kristiansand<\/li>\n<li>Sparebanken S\u00f8r<\/li>\n<li>Hovden tour. Paris- Robaix p\u00e5 sykkel, tursyklist i Europa<\/li>\n<li>Sykkel: White hybrid 28&#8243;<\/li>\n<li>Hvorfor: Tar utfordringen!<\/li>\n<\/ul>\n","protected":false},"excerpt":{"rendered":"<p>&nbsp; Kjell Omland 63 \u00e5r, Kristiansand Sparebanken S\u00f8r Sesil\u00e5mi, Marcialonga,Vasaloppet, Hovden Tour p\u00e5 sykkel og ski, sv\u00f8mmig Sykkel: Merida hybrid 28&#8243; Hvorfor: Utfordre seg selv. Lange turer er&#8230;<\/p>\n","protected":false},"author":2,"featured_media":0,"parent":0,"menu_order":0,"comment_status":"open","ping_status":"open","template":"","meta":[],"_links":{"self":[{"href":"https:\/\/sykkelturen.com\/index.php?rest_route=\/wp\/v2\/pages\/188"}],"collection":[{"href":"https:\/\/sykkelturen.com\/index.php?rest_route=\/wp\/v2\/pages"}],"about":[{"href":"https:\/\/sykkelturen.com\/index.php?rest_route=\/wp\/v2\/types\/page"}],"author":[{"embeddable":true,"href":"https:\/\/sykkelturen.com\/index.php?rest_route=\/wp\/v2\/users\/2"}],"replies":[{"embeddable":true,"href":"https:\/\/sykkelturen.com\/index.php?rest_route=%2Fwp%2Fv2%2Fcomments&post=188"}],"version-history":[{"count":32,"href":"https:\/\/sykkelturen.com\/index.php?rest_route=\/wp\/v2\/pages\/188\/revisions"}],"predecessor-version":[{"id":458,"href":"https:\/\/sykkelturen.com\/index.php?rest_route=\/wp\/v2\/pages\/188\/revisions\/458"}],"wp:attachment":[{"href":"https:\/\/sykkelturen.com\/index.php?rest_route=%2Fwp%2Fv2%2Fmedia&parent=188"}],"curies":[{"name":"wp","href":"https:\/\/api.w.org\/{rel}","templated":true}]}}